{"id":95,"date":"2022-01-27T10:58:29","date_gmt":"2022-01-27T10:58:29","guid":{"rendered":"http:\/\/cognito.mprinsdesign.nl\/?page_id=95"},"modified":"2023-07-25T12:46:18","modified_gmt":"2023-07-25T12:46:18","slug":"komplex","status":"publish","type":"page","link":"https:\/\/villachaparral.com\/cs\/komplex\/","title":{"rendered":"Villa Chaparral"},"content":{"rendered":"<section class=\"wpb-content-wrapper\"><div  class=\"content_row row page-content vc_row wpb_row  default-style fullwidth\" >\n\t\n\t<div class=\"content_row_wrapper  default\" >\n\t<div id=\"asdasd\" class=\"vc_col-sm-12 wpb_column vc_column_container\" >\n\t<div class=\"vc_column-inner\">\n\t\t<div class=\"wpb_wrapper\" >\n\t\t\t<div class=\"rt_heading_wrapper no-style\">\n\t\t\t\t\t\t<h1 class=\"rt_heading  no-style\"  style=\"font-size:24px;margin-top:24px;margin-bottom:0px;\">Villa Chaparral \u2013 <span class=\"after_h1\">El Chaparral<\/span><\/h1> \n\t\t\t\t\t<\/div><div class=\"vc_empty_space\"   style=\"height: 32px\"><span class=\"vc_empty_space_inner\"><\/span><\/div><div class=\"vc_separator wpb_content_element vc_separator_align_center vc_sep_width_100 vc_sep_style-4 vc_sep_pos_align_center vc_separator_no_text vc_sep_color_grey\" ><span class=\"vc_sep_holder vc_sep_holder_l\"><span class=\"vc_sep_line\"><\/span><\/span><span class=\"vc_sep_holder vc_sep_holder_r\"><span class=\"vc_sep_line\"><\/span><\/span>\n<\/div><div class=\"vc_empty_space\"   style=\"height: 32px\"><span class=\"vc_empty_space_inner\"><\/span><\/div>\n\t<div class=\"wpb_text_column wpb_content_element\" >\n\t\t<div class=\"wpb_wrapper\">\n\t\t\t<div class=\"\">\n<p>Villa Chaparral je progresivn\u00ed projekt nov\u00e9 v\u00fdstavby skl\u00e1daj\u00edc\u00ed se z 10 modern\u00edch vil na vynikaj\u00edc\u00edm m\u00edst\u011b v jedn\u00e9 z nejkr\u00e1sn\u011bj\u0161\u00edch urbanizac\u00ed Mijas El Chaparral. Projekt se nach\u00e1z\u00ed pouh\u00fdch 20 minut j\u00edzdy od leti\u0161t\u011b v Malaze, mezi zn\u00e1m\u00fdmi letovisky Fuengirola a Marbella.<\/p>\n<p>Prostorn\u00e9 pozemky Villa Chaparral se nach\u00e1zej\u00ed pouh\u00fdch 200 metr\u016f od St\u0159edozemn\u00edho mo\u0159e a ne v\u00edce ne\u017e 500 metr\u016f od klubovny 18jamkov\u00e9ho golfov\u00e9ho h\u0159i\u0161t\u011b El Chaparral.<\/p>\n<p>Ka\u017ed\u00e1 vila v\u00e1m okam\u017eit\u011b poskytne lehk\u00fd a prostorn\u00fd pocit, s n\u011bkolika otev\u0159en\u00fdmi prostory se spoustou skla a dvojit\u00fdm vysok\u00fdm \u0161ikm\u00fdm stropem v ob\u00fdvac\u00edm pokoji. P\u0159esto\u017ee v\u0161echny vily vypadaj\u00ed stejn\u011b, Villa Chaparral v\u00e1m nab\u00edz\u00ed mo\u017enost za\u0159\u00eddit si vilu sn\u016f podle vlastn\u00edho vkusu a p\u0159\u00e1n\u00ed. Tyto modern\u00ed a luxusn\u00ed vily jsou postaven\u00e9 na 2 podla\u017e\u00edch a lze je dodat se 4 nebo 5 lo\u017enicemi, soukromou zahradou s prostorn\u00fdm baz\u00e9nem a v\u00fdhledem na St\u0159edozemn\u00ed mo\u0159e. Pod domem je tak\u00e9 mo\u017en\u00e9 vybudovat prostorn\u00fd sklep pro dal\u0161\u00ed pokoje, posilovnu a\/nebo parkov\u00e1n\u00ed.<\/p>\n<p>Villa Chaparral uzav\u0159ela partnerstv\u00ed s Porcelanosa pro tento kr\u00e1sn\u00fd projekt. Jsou zn\u00e1m\u00ed jako jeden z p\u0159edn\u00edch dodavatel\u016f dla\u017eeb, luxusn\u00edho koupelnov\u00e9ho n\u00e1bytku a modern\u00edch kuchyn\u00ed. Krom\u011b \u0161irok\u00e9 \u0161k\u00e1ly nab\u00edzen\u00fdch mo\u017enost\u00ed je zde i mo\u017enost stylizovat si vilu sn\u016f zcela podle vlastn\u00edho vkusu.<\/p>\n<p>Rozlo\u017een\u00ed:<\/p>\n<p>p\u0159\u00edzem\u00ed: zde najdete prostorn\u00fd otev\u0159en\u00fd ob\u00fdvac\u00ed pokoj se zkosen\u00fdm stropem a modern\u00edm krbem. Samostatn\u00e1 kuchyn\u011b s pln\u011b vybavenou kuchyn\u00ed Porcelanosa se spot\u0159ebi\u010di Bosch. Ob\u011b obytn\u00e9 \u010d\u00e1sti maj\u00ed velk\u00e1 posuvn\u00e1 okna a umo\u017e\u0148uj\u00ed p\u0159\u00edm\u00fd vstup na terasy a baz\u00e9n. V tomto pat\u0159e d\u00e1le naleznete prostornou lo\u017enici s vlastn\u00ed koupelnou, samostatnou toaletu a prostornou technickou m\u00edstnost. P\u0159ed vilou je tak\u00e9 parkovi\u0161t\u011b pro 2 nebo 3 auta.<\/p>\n<p>prvn\u00ed patro: v tomto pat\u0159e najdete prostornou a luxusn\u00ed hlavn\u00ed lo\u017enici s \u0161atnou, vlastn\u00ed koupelnou a n\u00e1dhern\u011b prostornou terasou s v\u00fdhledem na zahradu, baz\u00e9n a St\u0159edozemn\u00ed mo\u0159e. D\u00e1le jsou zde 2 lo\u017enice a prostorn\u00e1 koupelna.<\/p>\n<p>suter\u00e9n: zde m\u00e1te na p\u0159\u00e1n\u00ed mo\u017enost uspo\u0159\u00e1dat prostor dle p\u0159\u00e1n\u00ed, nap\u0159\u00edklad prostornou gar\u00e1\u017e\u00ed, komorou pro dal\u0161\u00ed \u00falo\u017en\u00fd prostor, dal\u0161\u00edmi lo\u017enicemi nebo nap\u0159\u00edklad dom\u00e1c\u00edm kinem a\/nebo posilovnou! (sklep je voliteln\u00fd).<\/p>\n<p>P\u0159ed\u00e1n\u00ed vil je napl\u00e1nov\u00e1no na Q1 2026.<\/p>\n<p>Pokud m\u00e1te z\u00e1jem o bli\u017e\u0161\u00ed informace o t\u011bchto vil\u00e1ch nebo si p\u0159ejete napl\u00e1novat (virtu\u00e1ln\u00ed) prohl\u00eddku, nev\u00e1hejte n\u00e1s kontaktovat.<\/p>\n<p>&nbsp;<\/p>\n<p>&nbsp;<\/p>\n<\/div>\n\n\t\t<\/div>\n\t<\/div>\n\n\t\t<\/div>\n\t<\/div>\n\t<\/div>\n\n<\/div>\n<\/div>\n\n<div  class=\"content_row row page-content vc_row wpb_row  default-style fullwidth\" style=\"background-color: #bbac8c;\">\n\t\n\t<div class=\"content_row_wrapper  default\" >\n\t<div id=\"asdasd\" class=\"vc_col-sm-12 wpb_column vc_column_container\" >\n\t<div class=\"vc_column-inner\">\n\t\t<div class=\"wpb_wrapper\" >\n\t\t\t<div class=\"rt_heading_wrapper no-style\">\n\t\t\t\t\t\t<h1 class=\"rt_heading  no-style\"  style=\"font-size:24px;margin-top:24px;margin-bottom:0px;\">Funkce - <span class=\"after_h1 white\">Villa Chaparral<\/span><\/h1> \n\t\t\t\t\t<\/div><div class=\"vc_empty_space\"   style=\"height: 32px\"><span class=\"vc_empty_space_inner\"><\/span><\/div><div class=\"vc_separator wpb_content_element vc_separator_align_center vc_sep_width_100 vc_sep_style-4 vc_sep_pos_align_center vc_separator_no_text vc_sep_color_grey\" ><span class=\"vc_sep_holder vc_sep_holder_l\"><span class=\"vc_sep_line\"><\/span><\/span><span class=\"vc_sep_holder vc_sep_holder_r\"><span class=\"vc_sep_line\"><\/span><\/span>\n<\/div>\n\t<div class=\"wpb_text_column wpb_content_element\" >\n\t\t<div class=\"wpb_wrapper\">\n\t\t\t\t \n\t\t<div  class=\"bullet-list style-1  check\">\n\t\t<ul>\n<li>Vnit\u0159n\u00ed baz\u00e9n<\/li>\n<li>Zdatnost<\/li>\n<li>Slu\u017eby concierge<\/li>\n<li>Tenisov\u00fd kurt na padel<\/li>\n<li><span style=\"font-weight: 400;\">Soukrom\u00fd baz\u00e9n<\/span><\/li>\n<li>ceny od 1 390 000 \u20ac.<\/li>\n<\/ul>\n\n\t\t<\/div>\n\t\n\n\t\t<\/div>\n\t<\/div>\n\n\t\t<\/div>\n\t<\/div>\n\t<\/div>\n\n<\/div>\n<\/div>\n\n<div  class=\"content_row row quote-row vc_row wpb_row  default-style fullwidth\" style=\"background-color: #fcfcfc;\">\n\t\n\t<div class=\"content_row_wrapper  fullwidth\" >\n\t<div id=\"asdasd\" class=\"vc_col-sm-12 wpb_column vc_column_container vc_custom_1644925648982\" >\n\t<div class=\"vc_column-inner\">\n\t\t<div class=\"wpb_wrapper\" >\n\t\t\t<div class=\"rt_heading_wrapper style-3\">\n\t\t\t\t\t\t<h4 class=\"rt_heading serif quote-max-width style-3\" >Informa\u010dn\u00ed bal\u00ed\u010dek Villa Chaparral <a href=\"https:\/\/new.minisites.casadelmar.nl\/meer-informatie\/\"> Vy\u017e\u00e1dejte si bro\u017euru a cen\u00edk <\/a><\/h4> \n\t\t\t\t\t<\/div>\n\t\t<\/div>\n\t<\/div>\n\t<\/div>\n\n<\/div>\n<\/div>\n\n<div  class=\"content_row row vc_row wpb_row  default-style fullwidth\" >\n\t\n\t<div class=\"content_row_wrapper  default\" >\n\t<div id=\"asdasd\" class=\"vc_col-sm-12 wpb_column vc_column_container\" >\n\t<div class=\"vc_column-inner\">\n\t\t<div class=\"wpb_wrapper\" >\n\t\t\t<div class=\"button_wrapper aligncenter\"><a  href=\"\/cs\/vice-informaci\/\" target=\"_self\" title=\"&gt; v\u00edce informac\u00ed\" class=\"button_  style-2 small\">&gt; v\u00edce informac\u00ed<\/a><\/div>\n\t\t<\/div>\n\t<\/div>\n\t<\/div>\n\n<\/div>\n<\/div>\n<\/section>","protected":false},"excerpt":{"rendered":"<p>\u2026 <a class=\"more-link\" href=\"https:\/\/villachaparral.com\/cs\/komplex\/\">pokra\u010dovat ve \u010dten\u00ed<\/a><\/p>","protected":false},"author":1,"featured_media":4418,"parent":0,"menu_order":3,"comment_status":"closed","ping_status":"closed","template":"","meta":{"footnotes":""},"class_list":["post-95","page","type-page","status-publish","has-post-thumbnail","hentry"],"yoast_head":"<!-- This site is optimized with the Yoast SEO plugin v26.0 - https:\/\/yoast.com\/wordpress\/plugins\/seo\/ -->\n<title>Villa Chaparral - Villa Chaparral<\/title>\n<meta name=\"robots\" content=\"index, follow, max-snippet:-1, max-image-preview:large, max-video-preview:-1\" \/>\n<link rel=\"canonical\" href=\"https:\/\/villachaparral.com\/cs\/komplex\/\" \/>\n<meta property=\"og:locale\" content=\"cs_CZ\" \/>\n<meta property=\"og:type\" content=\"article\" \/>\n<meta property=\"og:title\" content=\"Villa Chaparral - Villa Chaparral\" \/>\n<meta property=\"og:url\" content=\"https:\/\/villachaparral.com\/cs\/komplex\/\" \/>\n<meta property=\"og:site_name\" content=\"Villa Chaparral\" \/>\n<meta property=\"article:modified_time\" content=\"2023-07-25T12:46:18+00:00\" \/>\n<meta property=\"og:image\" content=\"https:\/\/villachaparral.com\/wp-content\/uploads\/sites\/31\/2023\/07\/villa_chaparral.jpg\" \/>\n\t<meta property=\"og:image:width\" content=\"1024\" \/>\n\t<meta property=\"og:image:height\" content=\"576\" \/>\n\t<meta property=\"og:image:type\" content=\"image\/jpeg\" \/>\n<meta name=\"twitter:card\" content=\"summary_large_image\" \/>\n<meta name=\"twitter:label1\" content=\"Odhadovan\u00e1 doba \u010dten\u00ed\" \/>\n\t<meta name=\"twitter:data1\" content=\"2 minuty\" \/>\n<script type=\"application\/ld+json\" class=\"yoast-schema-graph\">{\"@context\":\"https:\/\/schema.org\",\"@graph\":[{\"@type\":\"WebPage\",\"@id\":\"https:\/\/villachaparral.com\/het-complex\/\",\"url\":\"https:\/\/villachaparral.com\/het-complex\/\",\"name\":\"Villa Chaparral - Villa Chaparral\",\"isPartOf\":{\"@id\":\"https:\/\/villachaparral.com\/#website\"},\"primaryImageOfPage\":{\"@id\":\"https:\/\/villachaparral.com\/het-complex\/#primaryimage\"},\"image\":{\"@id\":\"https:\/\/villachaparral.com\/het-complex\/#primaryimage\"},\"thumbnailUrl\":\"https:\/\/villachaparral.com\/wp-content\/uploads\/sites\/31\/2023\/07\/villa_chaparral.jpg\",\"datePublished\":\"2022-01-27T10:58:29+00:00\",\"dateModified\":\"2023-07-25T12:46:18+00:00\",\"breadcrumb\":{\"@id\":\"https:\/\/villachaparral.com\/het-complex\/#breadcrumb\"},\"inLanguage\":\"cs\",\"potentialAction\":[{\"@type\":\"ReadAction\",\"target\":[\"https:\/\/villachaparral.com\/het-complex\/\"]}]},{\"@type\":\"ImageObject\",\"inLanguage\":\"cs\",\"@id\":\"https:\/\/villachaparral.com\/het-complex\/#primaryimage\",\"url\":\"https:\/\/villachaparral.com\/wp-content\/uploads\/sites\/31\/2023\/07\/villa_chaparral.jpg\",\"contentUrl\":\"https:\/\/villachaparral.com\/wp-content\/uploads\/sites\/31\/2023\/07\/villa_chaparral.jpg\",\"width\":1024,\"height\":576},{\"@type\":\"BreadcrumbList\",\"@id\":\"https:\/\/villachaparral.com\/het-complex\/#breadcrumb\",\"itemListElement\":[{\"@type\":\"ListItem\",\"position\":1,\"name\":\"Home\",\"item\":\"https:\/\/villachaparral.com\/\"},{\"@type\":\"ListItem\",\"position\":2,\"name\":\"Villa Chaparral\"}]},{\"@type\":\"WebSite\",\"@id\":\"https:\/\/villachaparral.com\/#website\",\"url\":\"https:\/\/villachaparral.com\/\",\"name\":\"Villa Chaparral\",\"description\":\"\",\"potentialAction\":[{\"@type\":\"SearchAction\",\"target\":{\"@type\":\"EntryPoint\",\"urlTemplate\":\"https:\/\/villachaparral.com\/?s={search_term_string}\"},\"query-input\":{\"@type\":\"PropertyValueSpecification\",\"valueRequired\":true,\"valueName\":\"search_term_string\"}}],\"inLanguage\":\"cs\"}]}<\/script>\n<!-- \/ Yoast SEO plugin. -->","yoast_head_json":{"title":"Villa Chaparral - Villa Chaparral","robots":{"index":"index","follow":"follow","max-snippet":"max-snippet:-1","max-image-preview":"max-image-preview:large","max-video-preview":"max-video-preview:-1"},"canonical":"https:\/\/villachaparral.com\/cs\/komplex\/","og_locale":"cs_CZ","og_type":"article","og_title":"Villa Chaparral - Villa Chaparral","og_url":"https:\/\/villachaparral.com\/cs\/komplex\/","og_site_name":"Villa Chaparral","article_modified_time":"2023-07-25T12:46:18+00:00","og_image":[{"width":1024,"height":576,"url":"https:\/\/villachaparral.com\/wp-content\/uploads\/sites\/31\/2023\/07\/villa_chaparral.jpg","type":"image\/jpeg"}],"twitter_card":"summary_large_image","twitter_misc":{"Odhadovan\u00e1 doba \u010dten\u00ed":"2 minuty"},"schema":{"@context":"https:\/\/schema.org","@graph":[{"@type":"WebPage","@id":"https:\/\/villachaparral.com\/het-complex\/","url":"https:\/\/villachaparral.com\/het-complex\/","name":"Villa Chaparral - Villa Chaparral","isPartOf":{"@id":"https:\/\/villachaparral.com\/#website"},"primaryImageOfPage":{"@id":"https:\/\/villachaparral.com\/het-complex\/#primaryimage"},"image":{"@id":"https:\/\/villachaparral.com\/het-complex\/#primaryimage"},"thumbnailUrl":"https:\/\/villachaparral.com\/wp-content\/uploads\/sites\/31\/2023\/07\/villa_chaparral.jpg","datePublished":"2022-01-27T10:58:29+00:00","dateModified":"2023-07-25T12:46:18+00:00","breadcrumb":{"@id":"https:\/\/villachaparral.com\/het-complex\/#breadcrumb"},"inLanguage":"cs","potentialAction":[{"@type":"ReadAction","target":["https:\/\/villachaparral.com\/het-complex\/"]}]},{"@type":"ImageObject","inLanguage":"cs","@id":"https:\/\/villachaparral.com\/het-complex\/#primaryimage","url":"https:\/\/villachaparral.com\/wp-content\/uploads\/sites\/31\/2023\/07\/villa_chaparral.jpg","contentUrl":"https:\/\/villachaparral.com\/wp-content\/uploads\/sites\/31\/2023\/07\/villa_chaparral.jpg","width":1024,"height":576},{"@type":"BreadcrumbList","@id":"https:\/\/villachaparral.com\/het-complex\/#breadcrumb","itemListElement":[{"@type":"ListItem","position":1,"name":"Home","item":"https:\/\/villachaparral.com\/"},{"@type":"ListItem","position":2,"name":"Villa Chaparral"}]},{"@type":"WebSite","@id":"https:\/\/villachaparral.com\/#website","url":"https:\/\/villachaparral.com\/","name":"Villa Chaparral","description":"","potentialAction":[{"@type":"SearchAction","target":{"@type":"EntryPoint","urlTemplate":"https:\/\/villachaparral.com\/?s={search_term_string}"},"query-input":{"@type":"PropertyValueSpecification","valueRequired":true,"valueName":"search_term_string"}}],"inLanguage":"cs"}]}},"_links":{"self":[{"href":"https:\/\/villachaparral.com\/cs\/wp-json\/wp\/v2\/pages\/95","targetHints":{"allow":["GET"]}}],"collection":[{"href":"https:\/\/villachaparral.com\/cs\/wp-json\/wp\/v2\/pages"}],"about":[{"href":"https:\/\/villachaparral.com\/cs\/wp-json\/wp\/v2\/types\/page"}],"author":[{"embeddable":true,"href":"https:\/\/villachaparral.com\/cs\/wp-json\/wp\/v2\/users\/1"}],"replies":[{"embeddable":true,"href":"https:\/\/villachaparral.com\/cs\/wp-json\/wp\/v2\/comments?post=95"}],"version-history":[{"count":61,"href":"https:\/\/villachaparral.com\/cs\/wp-json\/wp\/v2\/pages\/95\/revisions"}],"predecessor-version":[{"id":4443,"href":"https:\/\/villachaparral.com\/cs\/wp-json\/wp\/v2\/pages\/95\/revisions\/4443"}],"wp:featuredmedia":[{"embeddable":true,"href":"https:\/\/villachaparral.com\/cs\/wp-json\/wp\/v2\/media\/4418"}],"wp:attachment":[{"href":"https:\/\/villachaparral.com\/cs\/wp-json\/wp\/v2\/media?parent=95"}],"curies":[{"name":"wp","href":"https:\/\/api.w.org\/{rel}","templated":true}]}}