{"id":95,"date":"2022-01-27T10:58:29","date_gmt":"2022-01-27T10:58:29","guid":{"rendered":"http:\/\/cognito.mprinsdesign.nl\/?page_id=95"},"modified":"2023-07-25T12:46:18","modified_gmt":"2023-07-25T12:46:18","slug":"el-complejo","status":"publish","type":"page","link":"https:\/\/villachaparral.com\/es\/el-complejo\/","title":{"rendered":"Villa Chaparral"},"content":{"rendered":"<section class=\"wpb-content-wrapper\"><div  class=\"content_row row page-content vc_row wpb_row  default-style fullwidth\" >\n\t\n\t<div class=\"content_row_wrapper  default\" >\n\t<div id=\"asdasd\" class=\"vc_col-sm-12 wpb_column vc_column_container\" >\n\t<div class=\"vc_column-inner\">\n\t\t<div class=\"wpb_wrapper\" >\n\t\t\t<div class=\"rt_heading_wrapper no-style\">\n\t\t\t\t\t\t<h1 class=\"rt_heading  no-style\"  style=\"font-size:24px;margin-top:24px;margin-bottom:0px;\">Villa Chaparral - <span class=\"after_h1\">El Chaparral<\/span><\/h1> \n\t\t\t\t\t<\/div><div class=\"vc_empty_space\"   style=\"height: 32px\"><span class=\"vc_empty_space_inner\"><\/span><\/div><div class=\"vc_separator wpb_content_element vc_separator_align_center vc_sep_width_100 vc_sep_style-4 vc_sep_pos_align_center vc_separator_no_text vc_sep_color_grey\" ><span class=\"vc_sep_holder vc_sep_holder_l\"><span class=\"vc_sep_line\"><\/span><\/span><span class=\"vc_sep_holder vc_sep_holder_r\"><span class=\"vc_sep_line\"><\/span><\/span>\n<\/div><div class=\"vc_empty_space\"   style=\"height: 32px\"><span class=\"vc_empty_space_inner\"><\/span><\/div>\n\t<div class=\"wpb_text_column wpb_content_element\" >\n\t\t<div class=\"wpb_wrapper\">\n\t\t\t<div class=\"\">\n<p>Villa Chaparral es un proyecto de nueva construcci\u00f3n progresivo que consta de 10 villas modernas, en una ubicaci\u00f3n privilegiada en una de las urbanizaciones m\u00e1s hermosas de Mijas, El Chaparral. El proyecto se encuentra a solo 20 minutos en coche del aeropuerto de M\u00e1laga, entre los famosos centros tur\u00edsticos de Fuengirola y Marbella.<\/p>\n<p>Las amplias parcelas de Villa Chaparral se encuentran a tan solo 200 metros del mar Mediterr\u00e1neo ya no m\u00e1s de 500 metros de la casa club del campo de golf de 18 hoyos El Chaparral.<\/p>\n<p>Cada villa le da inmediatamente una sensaci\u00f3n de luminosidad y amplitud, con varios espacios abiertos con mucho vidrio y un techo inclinado de doble altura en la sala de estar. Aunque todas las villas tienen el mismo aspecto, Villa Chaparral le ofrece la oportunidad de organizar la villa de sus sue\u00f1os de acuerdo con sus propios gustos y deseos. Estas modernas y lujosas villas est\u00e1n construidas en 2 plantas y se pueden entregar con 4 o 5 dormitorios, un jard\u00edn privado con una amplia piscina y vistas al mar Mediterr\u00e1neo. Tambi\u00e9n es posible construir un amplio s\u00f3tano debajo de la casa para habitaciones adicionales, un gimnasio y\/o estacionamiento.<\/p>\n<p>Villa Chaparral se ha asociado con Porcelanosa para este hermoso proyecto. Son conocidos como uno de los principales proveedores de suelos de baldosas, lujosos muebles de ba\u00f1o y cocinas modernas. Adem\u00e1s de la amplia gama de opciones que se ofrecen, tambi\u00e9n existe la opci\u00f3n de dise\u00f1ar la villa de sus sue\u00f1os completamente de acuerdo con su propio gusto.<\/p>\n<p>Disposici\u00f3n:<\/p>\n<p>planta baja: aqu\u00ed encontrar\u00e1 la amplia sala de estar abierta con techo inclinado y chimenea moderna. Una cocina independiente con cocina Porcelanosa totalmente equipada con electrodom\u00e9sticos Bosch. Ambas \u00e1reas de estar tienen grandes ventanas correderas y brindan acceso directo a las terrazas y la piscina. En esta planta tambi\u00e9n encontrar\u00e1 un amplio dormitorio con ba\u00f1o en suite, un aseo y un espacioso lavadero. En frente de la villa tambi\u00e9n hay estacionamiento para 2 o 3 autos.<\/p>\n<p>primer piso: en este piso encontrar\u00e1 el espacioso y lujoso dormitorio principal con vestidor, ba\u00f1o privado y una hermosa y espaciosa terraza con vista al jard\u00edn, la piscina y el mar Mediterr\u00e1neo. Tambi\u00e9n hay 2 dormitorios y un amplio ba\u00f1o.<\/p>\n<p>s\u00f3tano: aqu\u00ed tiene la opci\u00f3n, si lo desea, de organizar el espacio como desee con, por ejemplo, un amplio garaje, un trastero para espacio de almacenamiento adicional, dormitorios adicionales o, por ejemplo, un cine en casa y\/o un gimnasio. (bodega es opcional).<\/p>\n<p>La entrega de las villas est\u00e1 programada para el primer trimestre de 2026.<\/p>\n<p>Si desea informaci\u00f3n m\u00e1s espec\u00edfica sobre estas villas o si desea programar una visita (virtual), no dude en contactarnos.<\/p>\n<p>&nbsp;<\/p>\n<p>&nbsp;<\/p>\n<\/div>\n\n\t\t<\/div>\n\t<\/div>\n\n\t\t<\/div>\n\t<\/div>\n\t<\/div>\n\n<\/div>\n<\/div>\n\n<div  class=\"content_row row page-content vc_row wpb_row  default-style fullwidth\" style=\"background-color: #bbac8c;\">\n\t\n\t<div class=\"content_row_wrapper  default\" >\n\t<div id=\"asdasd\" class=\"vc_col-sm-12 wpb_column vc_column_container\" >\n\t<div class=\"vc_column-inner\">\n\t\t<div class=\"wpb_wrapper\" >\n\t\t\t<div class=\"rt_heading_wrapper no-style\">\n\t\t\t\t\t\t<h1 class=\"rt_heading  no-style\"  style=\"font-size:24px;margin-top:24px;margin-bottom:0px;\">Caracter\u00edsticas - <span class=\"after_h1 white\">Villa Chaparral<\/span><\/h1> \n\t\t\t\t\t<\/div><div class=\"vc_empty_space\"   style=\"height: 32px\"><span class=\"vc_empty_space_inner\"><\/span><\/div><div class=\"vc_separator wpb_content_element vc_separator_align_center vc_sep_width_100 vc_sep_style-4 vc_sep_pos_align_center vc_separator_no_text vc_sep_color_grey\" ><span class=\"vc_sep_holder vc_sep_holder_l\"><span class=\"vc_sep_line\"><\/span><\/span><span class=\"vc_sep_holder vc_sep_holder_r\"><span class=\"vc_sep_line\"><\/span><\/span>\n<\/div>\n\t<div class=\"wpb_text_column wpb_content_element\" >\n\t\t<div class=\"wpb_wrapper\">\n\t\t\t\t \n\t\t<div  class=\"bullet-list style-1  check\">\n\t\t<ul>\n<li>Piscina interior<\/li>\n<li>Aptitud f\u00edsica<\/li>\n<li>Servicios de conserjer\u00eda<\/li>\n<li>Pista de p\u00e1del<\/li>\n<li><span style=\"font-weight: 400;\">Piscina privada<\/span><\/li>\n<li>precios desde 1.390.000\u20ac.<\/li>\n<\/ul>\n\n\t\t<\/div>\n\t\n\n\t\t<\/div>\n\t<\/div>\n\n\t\t<\/div>\n\t<\/div>\n\t<\/div>\n\n<\/div>\n<\/div>\n\n<div  class=\"content_row row quote-row vc_row wpb_row  default-style fullwidth\" style=\"background-color: #fcfcfc;\">\n\t\n\t<div class=\"content_row_wrapper  fullwidth\" >\n\t<div id=\"asdasd\" class=\"vc_col-sm-12 wpb_column vc_column_container vc_custom_1644925648982\" >\n\t<div class=\"vc_column-inner\">\n\t\t<div class=\"wpb_wrapper\" >\n\t\t\t<div class=\"rt_heading_wrapper style-3\">\n\t\t\t\t\t\t<h4 class=\"rt_heading serif quote-max-width style-3\" >Pack informativo Villa Chaparral <a href=\"https:\/\/new.minisites.casadelmar.nl\/meer-informatie\/\"> Solicitar folleto y lista de precios <\/a><\/h4> \n\t\t\t\t\t<\/div>\n\t\t<\/div>\n\t<\/div>\n\t<\/div>\n\n<\/div>\n<\/div>\n\n<div  class=\"content_row row vc_row wpb_row  default-style fullwidth\" >\n\t\n\t<div class=\"content_row_wrapper  default\" >\n\t<div id=\"asdasd\" class=\"vc_col-sm-12 wpb_column vc_column_container\" >\n\t<div class=\"vc_column-inner\">\n\t\t<div class=\"wpb_wrapper\" >\n\t\t\t<div class=\"button_wrapper aligncenter\"><a  href=\"\/es\/mas-informacion\/\" target=\"_self\" title=\"&gt; m\u00e1s informaci\u00f3n\" class=\"button_  style-2 small\">&gt; m\u00e1s informaci\u00f3n<\/a><\/div>\n\t\t<\/div>\n\t<\/div>\n\t<\/div>\n\n<\/div>\n<\/div>\n<\/section>","protected":false},"excerpt":{"rendered":"<p>\u2026 <a class=\"more-link\" href=\"https:\/\/villachaparral.com\/es\/el-complejo\/\">sigue leyendo<\/a><\/p>","protected":false},"author":1,"featured_media":4418,"parent":0,"menu_order":3,"comment_status":"closed","ping_status":"closed","template":"","meta":{"footnotes":""},"class_list":["post-95","page","type-page","status-publish","has-post-thumbnail","hentry"],"yoast_head":"<!-- This site is optimized with the Yoast SEO plugin v26.0 - https:\/\/yoast.com\/wordpress\/plugins\/seo\/ -->\n<title>Villa Chaparral - Villa Chaparral<\/title>\n<meta name=\"robots\" content=\"index, follow, max-snippet:-1, max-image-preview:large, max-video-preview:-1\" \/>\n<link rel=\"canonical\" href=\"https:\/\/villachaparral.com\/es\/el-complejo\/\" \/>\n<meta property=\"og:locale\" content=\"es_ES\" \/>\n<meta property=\"og:type\" content=\"article\" \/>\n<meta property=\"og:title\" content=\"Villa Chaparral - Villa Chaparral\" \/>\n<meta property=\"og:url\" content=\"https:\/\/villachaparral.com\/es\/el-complejo\/\" \/>\n<meta property=\"og:site_name\" content=\"Villa Chaparral\" \/>\n<meta property=\"article:modified_time\" content=\"2023-07-25T12:46:18+00:00\" \/>\n<meta property=\"og:image\" content=\"https:\/\/villachaparral.com\/wp-content\/uploads\/sites\/31\/2023\/07\/villa_chaparral.jpg\" \/>\n\t<meta property=\"og:image:width\" content=\"1024\" \/>\n\t<meta property=\"og:image:height\" content=\"576\" \/>\n\t<meta property=\"og:image:type\" content=\"image\/jpeg\" \/>\n<meta name=\"twitter:card\" content=\"summary_large_image\" \/>\n<meta name=\"twitter:label1\" content=\"Tiempo de lectura\" \/>\n\t<meta name=\"twitter:data1\" content=\"2 minutos\" \/>\n<script type=\"application\/ld+json\" class=\"yoast-schema-graph\">{\"@context\":\"https:\/\/schema.org\",\"@graph\":[{\"@type\":\"WebPage\",\"@id\":\"https:\/\/villachaparral.com\/het-complex\/\",\"url\":\"https:\/\/villachaparral.com\/het-complex\/\",\"name\":\"Villa Chaparral - Villa Chaparral\",\"isPartOf\":{\"@id\":\"https:\/\/villachaparral.com\/#website\"},\"primaryImageOfPage\":{\"@id\":\"https:\/\/villachaparral.com\/het-complex\/#primaryimage\"},\"image\":{\"@id\":\"https:\/\/villachaparral.com\/het-complex\/#primaryimage\"},\"thumbnailUrl\":\"https:\/\/villachaparral.com\/wp-content\/uploads\/sites\/31\/2023\/07\/villa_chaparral.jpg\",\"datePublished\":\"2022-01-27T10:58:29+00:00\",\"dateModified\":\"2023-07-25T12:46:18+00:00\",\"breadcrumb\":{\"@id\":\"https:\/\/villachaparral.com\/het-complex\/#breadcrumb\"},\"inLanguage\":\"es\",\"potentialAction\":[{\"@type\":\"ReadAction\",\"target\":[\"https:\/\/villachaparral.com\/het-complex\/\"]}]},{\"@type\":\"ImageObject\",\"inLanguage\":\"es\",\"@id\":\"https:\/\/villachaparral.com\/het-complex\/#primaryimage\",\"url\":\"https:\/\/villachaparral.com\/wp-content\/uploads\/sites\/31\/2023\/07\/villa_chaparral.jpg\",\"contentUrl\":\"https:\/\/villachaparral.com\/wp-content\/uploads\/sites\/31\/2023\/07\/villa_chaparral.jpg\",\"width\":1024,\"height\":576},{\"@type\":\"BreadcrumbList\",\"@id\":\"https:\/\/villachaparral.com\/het-complex\/#breadcrumb\",\"itemListElement\":[{\"@type\":\"ListItem\",\"position\":1,\"name\":\"Home\",\"item\":\"https:\/\/villachaparral.com\/\"},{\"@type\":\"ListItem\",\"position\":2,\"name\":\"Villa Chaparral\"}]},{\"@type\":\"WebSite\",\"@id\":\"https:\/\/villachaparral.com\/#website\",\"url\":\"https:\/\/villachaparral.com\/\",\"name\":\"Villa Chaparral\",\"description\":\"\",\"potentialAction\":[{\"@type\":\"SearchAction\",\"target\":{\"@type\":\"EntryPoint\",\"urlTemplate\":\"https:\/\/villachaparral.com\/?s={search_term_string}\"},\"query-input\":{\"@type\":\"PropertyValueSpecification\",\"valueRequired\":true,\"valueName\":\"search_term_string\"}}],\"inLanguage\":\"es\"}]}<\/script>\n<!-- \/ Yoast SEO plugin. -->","yoast_head_json":{"title":"Villa Chaparral - Villa Chaparral","robots":{"index":"index","follow":"follow","max-snippet":"max-snippet:-1","max-image-preview":"max-image-preview:large","max-video-preview":"max-video-preview:-1"},"canonical":"https:\/\/villachaparral.com\/es\/el-complejo\/","og_locale":"es_ES","og_type":"article","og_title":"Villa Chaparral - Villa Chaparral","og_url":"https:\/\/villachaparral.com\/es\/el-complejo\/","og_site_name":"Villa Chaparral","article_modified_time":"2023-07-25T12:46:18+00:00","og_image":[{"width":1024,"height":576,"url":"https:\/\/villachaparral.com\/wp-content\/uploads\/sites\/31\/2023\/07\/villa_chaparral.jpg","type":"image\/jpeg"}],"twitter_card":"summary_large_image","twitter_misc":{"Tiempo de lectura":"2 minutos"},"schema":{"@context":"https:\/\/schema.org","@graph":[{"@type":"WebPage","@id":"https:\/\/villachaparral.com\/het-complex\/","url":"https:\/\/villachaparral.com\/het-complex\/","name":"Villa Chaparral - Villa Chaparral","isPartOf":{"@id":"https:\/\/villachaparral.com\/#website"},"primaryImageOfPage":{"@id":"https:\/\/villachaparral.com\/het-complex\/#primaryimage"},"image":{"@id":"https:\/\/villachaparral.com\/het-complex\/#primaryimage"},"thumbnailUrl":"https:\/\/villachaparral.com\/wp-content\/uploads\/sites\/31\/2023\/07\/villa_chaparral.jpg","datePublished":"2022-01-27T10:58:29+00:00","dateModified":"2023-07-25T12:46:18+00:00","breadcrumb":{"@id":"https:\/\/villachaparral.com\/het-complex\/#breadcrumb"},"inLanguage":"es","potentialAction":[{"@type":"ReadAction","target":["https:\/\/villachaparral.com\/het-complex\/"]}]},{"@type":"ImageObject","inLanguage":"es","@id":"https:\/\/villachaparral.com\/het-complex\/#primaryimage","url":"https:\/\/villachaparral.com\/wp-content\/uploads\/sites\/31\/2023\/07\/villa_chaparral.jpg","contentUrl":"https:\/\/villachaparral.com\/wp-content\/uploads\/sites\/31\/2023\/07\/villa_chaparral.jpg","width":1024,"height":576},{"@type":"BreadcrumbList","@id":"https:\/\/villachaparral.com\/het-complex\/#breadcrumb","itemListElement":[{"@type":"ListItem","position":1,"name":"Home","item":"https:\/\/villachaparral.com\/"},{"@type":"ListItem","position":2,"name":"Villa Chaparral"}]},{"@type":"WebSite","@id":"https:\/\/villachaparral.com\/#website","url":"https:\/\/villachaparral.com\/","name":"Villa Chaparral","description":"","potentialAction":[{"@type":"SearchAction","target":{"@type":"EntryPoint","urlTemplate":"https:\/\/villachaparral.com\/?s={search_term_string}"},"query-input":{"@type":"PropertyValueSpecification","valueRequired":true,"valueName":"search_term_string"}}],"inLanguage":"es"}]}},"_links":{"self":[{"href":"https:\/\/villachaparral.com\/es\/wp-json\/wp\/v2\/pages\/95","targetHints":{"allow":["GET"]}}],"collection":[{"href":"https:\/\/villachaparral.com\/es\/wp-json\/wp\/v2\/pages"}],"about":[{"href":"https:\/\/villachaparral.com\/es\/wp-json\/wp\/v2\/types\/page"}],"author":[{"embeddable":true,"href":"https:\/\/villachaparral.com\/es\/wp-json\/wp\/v2\/users\/1"}],"replies":[{"embeddable":true,"href":"https:\/\/villachaparral.com\/es\/wp-json\/wp\/v2\/comments?post=95"}],"version-history":[{"count":61,"href":"https:\/\/villachaparral.com\/es\/wp-json\/wp\/v2\/pages\/95\/revisions"}],"predecessor-version":[{"id":4443,"href":"https:\/\/villachaparral.com\/es\/wp-json\/wp\/v2\/pages\/95\/revisions\/4443"}],"wp:featuredmedia":[{"embeddable":true,"href":"https:\/\/villachaparral.com\/es\/wp-json\/wp\/v2\/media\/4418"}],"wp:attachment":[{"href":"https:\/\/villachaparral.com\/es\/wp-json\/wp\/v2\/media?parent=95"}],"curies":[{"name":"wp","href":"https:\/\/api.w.org\/{rel}","templated":true}]}}