{"id":95,"date":"2022-01-27T10:58:29","date_gmt":"2022-01-27T10:58:29","guid":{"rendered":"http:\/\/cognito.mprinsdesign.nl\/?page_id=95"},"modified":"2023-07-25T12:46:18","modified_gmt":"2023-07-25T12:46:18","slug":"le-complexe","status":"publish","type":"page","link":"https:\/\/villachaparral.com\/fr\/le-complexe\/","title":{"rendered":"Villa Chaparral"},"content":{"rendered":"<section class=\"wpb-content-wrapper\"><div  class=\"content_row row page-content vc_row wpb_row  default-style fullwidth\" >\n\t\n\t<div class=\"content_row_wrapper  default\" >\n\t<div id=\"asdasd\" class=\"vc_col-sm-12 wpb_column vc_column_container\" >\n\t<div class=\"vc_column-inner\">\n\t\t<div class=\"wpb_wrapper\" >\n\t\t\t<div class=\"rt_heading_wrapper no-style\">\n\t\t\t\t\t\t<h1 class=\"rt_heading  no-style\"  style=\"font-size:24px;margin-top:24px;margin-bottom:0px;\">Villa Chaparral \u2013 <span class=\"after_h1\">El Chaparral<\/span><\/h1> \n\t\t\t\t\t<\/div><div class=\"vc_empty_space\"   style=\"height: 32px\"><span class=\"vc_empty_space_inner\"><\/span><\/div><div class=\"vc_separator wpb_content_element vc_separator_align_center vc_sep_width_100 vc_sep_style-4 vc_sep_pos_align_center vc_separator_no_text vc_sep_color_grey\" ><span class=\"vc_sep_holder vc_sep_holder_l\"><span class=\"vc_sep_line\"><\/span><\/span><span class=\"vc_sep_holder vc_sep_holder_r\"><span class=\"vc_sep_line\"><\/span><\/span>\n<\/div><div class=\"vc_empty_space\"   style=\"height: 32px\"><span class=\"vc_empty_space_inner\"><\/span><\/div>\n\t<div class=\"wpb_text_column wpb_content_element\" >\n\t\t<div class=\"wpb_wrapper\">\n\t\t\t<div class=\"\">\n<p>Villa Chaparral est un nouveau projet de construction progressif compos\u00e9 de 10 villas modernes, dans un emplacement privil\u00e9gi\u00e9 dans l&#039;une des plus belles urbanisations de Mijas, El Chaparral. Le projet est situ\u00e9 \u00e0 seulement 20 minutes en voiture de l&#039;a\u00e9roport de Malaga, entre les c\u00e9l\u00e8bres stations baln\u00e9aires de Fuengirola et Marbella.<\/p>\n<p>Les vastes parcelles de la Villa Chaparral sont situ\u00e9es \u00e0 seulement 200 m\u00e8tres de la mer M\u00e9diterran\u00e9e et \u00e0 moins de 500 m\u00e8tres du club-house du parcours de golf 18 trous El Chaparral.<\/p>\n<p>Chaque villa vous donne imm\u00e9diatement une sensation de lumi\u00e8re et d&#039;espace, avec plusieurs espaces ouverts avec beaucoup de verre et un double plafond mansard\u00e9 dans le salon. Bien que toutes les villas se ressemblent, la Villa Chaparral vous offre la possibilit\u00e9 d&#039;am\u00e9nager la villa de vos r\u00eaves selon vos propres go\u00fbts et souhaits. Ces villas modernes et luxueuses sont construites sur 2 \u00e9tages et peuvent \u00eatre livr\u00e9es avec 4 ou 5 chambres, un jardin priv\u00e9 avec une grande piscine et une vue sur la mer M\u00e9diterran\u00e9e. Il est \u00e9galement possible de construire un sous-sol spacieux sous la maison pour des chambres suppl\u00e9mentaires, une salle de sport et\/ou un parking.<\/p>\n<p>Villa Chaparral a conclu un partenariat avec Porcelanosa pour ce beau projet. Ils sont connus comme l&#039;un des principaux fournisseurs de sols carrel\u00e9s, de meubles de salle de bains luxueux et de cuisines modernes. En plus du large \u00e9ventail d&#039;options offertes, il y a aussi la possibilit\u00e9 de concevoir la villa de vos r\u00eaves enti\u00e8rement selon vos propres go\u00fbts.<\/p>\n<p>Mise en page:<\/p>\n<p>rez-de-chauss\u00e9e: vous trouverez ici le spacieux salon ouvert avec plafond en pente et chemin\u00e9e moderne. Une cuisine s\u00e9par\u00e9e avec une cuisine Porcelanosa enti\u00e8rement \u00e9quip\u00e9e avec des appareils Bosch. Les deux espaces de vie ont de grandes fen\u00eatres coulissantes et offrent un acc\u00e8s direct aux terrasses et \u00e0 la piscine. A cet \u00e9tage, vous trouverez \u00e9galement une chambre spacieuse avec salle de bain attenante, des toilettes s\u00e9par\u00e9es et une spacieuse buanderie. Devant la villa il y a aussi un parking pour 2 ou 3 voitures.<\/p>\n<p>premier \u00e9tage: \u00e0 cet \u00e9tage, vous trouverez la chambre principale spacieuse et luxueuse avec dressing, salle de bain attenante et une terrasse merveilleusement spacieuse avec vue sur votre jardin, votre piscine et la mer M\u00e9diterran\u00e9e. Il y a aussi 2 chambres et une salle de bain spacieuse.<\/p>\n<p>sous-sol : ici, vous avez la possibilit\u00e9, si vous le souhaitez, d&#039;am\u00e9nager l&#039;espace comme vous le souhaitez avec, par exemple, un garage spacieux, une pi\u00e8ce de rangement pour un espace de stockage suppl\u00e9mentaire, des chambres suppl\u00e9mentaires ou, par exemple, un home cin\u00e9ma et\/ou une salle de sport ! (cave en option).<\/p>\n<p>La livraison des villas est pr\u00e9vue pour le premier trimestre 2026.<\/p>\n<p>Si vous souhaitez des informations plus pr\u00e9cises sur ces villas ou si vous souhaitez programmer une visite (virtuelle), n&#039;h\u00e9sitez pas \u00e0 nous contacter.<\/p>\n<p>&nbsp;<\/p>\n<p>&nbsp;<\/p>\n<\/div>\n\n\t\t<\/div>\n\t<\/div>\n\n\t\t<\/div>\n\t<\/div>\n\t<\/div>\n\n<\/div>\n<\/div>\n\n<div  class=\"content_row row page-content vc_row wpb_row  default-style fullwidth\" style=\"background-color: #bbac8c;\">\n\t\n\t<div class=\"content_row_wrapper  default\" >\n\t<div id=\"asdasd\" class=\"vc_col-sm-12 wpb_column vc_column_container\" >\n\t<div class=\"vc_column-inner\">\n\t\t<div class=\"wpb_wrapper\" >\n\t\t\t<div class=\"rt_heading_wrapper no-style\">\n\t\t\t\t\t\t<h1 class=\"rt_heading  no-style\"  style=\"font-size:24px;margin-top:24px;margin-bottom:0px;\">Caract\u00e9ristiques - <span class=\"after_h1 white\">Villa Chaparral<\/span><\/h1> \n\t\t\t\t\t<\/div><div class=\"vc_empty_space\"   style=\"height: 32px\"><span class=\"vc_empty_space_inner\"><\/span><\/div><div class=\"vc_separator wpb_content_element vc_separator_align_center vc_sep_width_100 vc_sep_style-4 vc_sep_pos_align_center vc_separator_no_text vc_sep_color_grey\" ><span class=\"vc_sep_holder vc_sep_holder_l\"><span class=\"vc_sep_line\"><\/span><\/span><span class=\"vc_sep_holder vc_sep_holder_r\"><span class=\"vc_sep_line\"><\/span><\/span>\n<\/div>\n\t<div class=\"wpb_text_column wpb_content_element\" >\n\t\t<div class=\"wpb_wrapper\">\n\t\t\t\t \n\t\t<div  class=\"bullet-list style-1  check\">\n\t\t<ul>\n<li>Piscine int\u00e9rieure<\/li>\n<li>Aptitude<\/li>\n<li>Conciergerie<\/li>\n<li>Terrain de padel<\/li>\n<li><span style=\"font-weight: 400;\">Piscine priv\u00e9e<\/span><\/li>\n<li>prix \u00e0 partir de 1 390 000 \u20ac.<\/li>\n<\/ul>\n\n\t\t<\/div>\n\t\n\n\t\t<\/div>\n\t<\/div>\n\n\t\t<\/div>\n\t<\/div>\n\t<\/div>\n\n<\/div>\n<\/div>\n\n<div  class=\"content_row row quote-row vc_row wpb_row  default-style fullwidth\" style=\"background-color: #fcfcfc;\">\n\t\n\t<div class=\"content_row_wrapper  fullwidth\" >\n\t<div id=\"asdasd\" class=\"vc_col-sm-12 wpb_column vc_column_container vc_custom_1644925648982\" >\n\t<div class=\"vc_column-inner\">\n\t\t<div class=\"wpb_wrapper\" >\n\t\t\t<div class=\"rt_heading_wrapper style-3\">\n\t\t\t\t\t\t<h4 class=\"rt_heading serif quote-max-width style-3\" >Dossier d&#039;information Villa Chaparral <a href=\"https:\/\/new.minisites.casadelmar.nl\/meer-informatie\/\"> Demander une brochure et une liste de prix <\/a><\/h4> \n\t\t\t\t\t<\/div>\n\t\t<\/div>\n\t<\/div>\n\t<\/div>\n\n<\/div>\n<\/div>\n\n<div  class=\"content_row row vc_row wpb_row  default-style fullwidth\" >\n\t\n\t<div class=\"content_row_wrapper  default\" >\n\t<div id=\"asdasd\" class=\"vc_col-sm-12 wpb_column vc_column_container\" >\n\t<div class=\"vc_column-inner\">\n\t\t<div class=\"wpb_wrapper\" >\n\t\t\t<div class=\"button_wrapper aligncenter\"><a  href=\"\/fr\/plus-dinformation\/\" target=\"_self\" title=\"&gt; plus d&#039;infos\" class=\"button_  style-2 small\">&gt; plus d&#039;infos<\/a><\/div>\n\t\t<\/div>\n\t<\/div>\n\t<\/div>\n\n<\/div>\n<\/div>\n<\/section>","protected":false},"excerpt":{"rendered":"<p>\u2026 <a class=\"more-link\" href=\"https:\/\/villachaparral.com\/fr\/le-complexe\/\">continuer la lecture<\/a><\/p>","protected":false},"author":1,"featured_media":4418,"parent":0,"menu_order":3,"comment_status":"closed","ping_status":"closed","template":"","meta":{"footnotes":""},"class_list":["post-95","page","type-page","status-publish","has-post-thumbnail","hentry"],"yoast_head":"<!-- This site is optimized with the Yoast SEO plugin v26.0 - https:\/\/yoast.com\/wordpress\/plugins\/seo\/ -->\n<title>Villa Chaparral - Villa Chaparral<\/title>\n<meta name=\"robots\" content=\"index, follow, max-snippet:-1, max-image-preview:large, max-video-preview:-1\" \/>\n<link rel=\"canonical\" href=\"https:\/\/villachaparral.com\/fr\/le-complexe\/\" \/>\n<meta property=\"og:locale\" content=\"fr_FR\" \/>\n<meta property=\"og:type\" content=\"article\" \/>\n<meta property=\"og:title\" content=\"Villa Chaparral - Villa Chaparral\" \/>\n<meta property=\"og:url\" content=\"https:\/\/villachaparral.com\/fr\/le-complexe\/\" \/>\n<meta property=\"og:site_name\" content=\"Villa Chaparral\" \/>\n<meta property=\"article:modified_time\" content=\"2023-07-25T12:46:18+00:00\" \/>\n<meta property=\"og:image\" content=\"https:\/\/villachaparral.com\/wp-content\/uploads\/sites\/31\/2023\/07\/villa_chaparral.jpg\" \/>\n\t<meta property=\"og:image:width\" content=\"1024\" \/>\n\t<meta property=\"og:image:height\" content=\"576\" \/>\n\t<meta property=\"og:image:type\" content=\"image\/jpeg\" \/>\n<meta name=\"twitter:card\" content=\"summary_large_image\" \/>\n<meta name=\"twitter:label1\" content=\"Dur\u00e9e de lecture estim\u00e9e\" \/>\n\t<meta name=\"twitter:data1\" content=\"2 minutes\" \/>\n<script type=\"application\/ld+json\" class=\"yoast-schema-graph\">{\"@context\":\"https:\/\/schema.org\",\"@graph\":[{\"@type\":\"WebPage\",\"@id\":\"https:\/\/villachaparral.com\/het-complex\/\",\"url\":\"https:\/\/villachaparral.com\/het-complex\/\",\"name\":\"Villa Chaparral - Villa Chaparral\",\"isPartOf\":{\"@id\":\"https:\/\/villachaparral.com\/#website\"},\"primaryImageOfPage\":{\"@id\":\"https:\/\/villachaparral.com\/het-complex\/#primaryimage\"},\"image\":{\"@id\":\"https:\/\/villachaparral.com\/het-complex\/#primaryimage\"},\"thumbnailUrl\":\"https:\/\/villachaparral.com\/wp-content\/uploads\/sites\/31\/2023\/07\/villa_chaparral.jpg\",\"datePublished\":\"2022-01-27T10:58:29+00:00\",\"dateModified\":\"2023-07-25T12:46:18+00:00\",\"breadcrumb\":{\"@id\":\"https:\/\/villachaparral.com\/het-complex\/#breadcrumb\"},\"inLanguage\":\"fr-FR\",\"potentialAction\":[{\"@type\":\"ReadAction\",\"target\":[\"https:\/\/villachaparral.com\/het-complex\/\"]}]},{\"@type\":\"ImageObject\",\"inLanguage\":\"fr-FR\",\"@id\":\"https:\/\/villachaparral.com\/het-complex\/#primaryimage\",\"url\":\"https:\/\/villachaparral.com\/wp-content\/uploads\/sites\/31\/2023\/07\/villa_chaparral.jpg\",\"contentUrl\":\"https:\/\/villachaparral.com\/wp-content\/uploads\/sites\/31\/2023\/07\/villa_chaparral.jpg\",\"width\":1024,\"height\":576},{\"@type\":\"BreadcrumbList\",\"@id\":\"https:\/\/villachaparral.com\/het-complex\/#breadcrumb\",\"itemListElement\":[{\"@type\":\"ListItem\",\"position\":1,\"name\":\"Home\",\"item\":\"https:\/\/villachaparral.com\/\"},{\"@type\":\"ListItem\",\"position\":2,\"name\":\"Villa Chaparral\"}]},{\"@type\":\"WebSite\",\"@id\":\"https:\/\/villachaparral.com\/#website\",\"url\":\"https:\/\/villachaparral.com\/\",\"name\":\"Villa Chaparral\",\"description\":\"\",\"potentialAction\":[{\"@type\":\"SearchAction\",\"target\":{\"@type\":\"EntryPoint\",\"urlTemplate\":\"https:\/\/villachaparral.com\/?s={search_term_string}\"},\"query-input\":{\"@type\":\"PropertyValueSpecification\",\"valueRequired\":true,\"valueName\":\"search_term_string\"}}],\"inLanguage\":\"fr-FR\"}]}<\/script>\n<!-- \/ Yoast SEO plugin. -->","yoast_head_json":{"title":"Villa Chaparral - Villa Chaparral","robots":{"index":"index","follow":"follow","max-snippet":"max-snippet:-1","max-image-preview":"max-image-preview:large","max-video-preview":"max-video-preview:-1"},"canonical":"https:\/\/villachaparral.com\/fr\/le-complexe\/","og_locale":"fr_FR","og_type":"article","og_title":"Villa Chaparral - Villa Chaparral","og_url":"https:\/\/villachaparral.com\/fr\/le-complexe\/","og_site_name":"Villa Chaparral","article_modified_time":"2023-07-25T12:46:18+00:00","og_image":[{"width":1024,"height":576,"url":"https:\/\/villachaparral.com\/wp-content\/uploads\/sites\/31\/2023\/07\/villa_chaparral.jpg","type":"image\/jpeg"}],"twitter_card":"summary_large_image","twitter_misc":{"Dur\u00e9e de lecture estim\u00e9e":"2 minutes"},"schema":{"@context":"https:\/\/schema.org","@graph":[{"@type":"WebPage","@id":"https:\/\/villachaparral.com\/het-complex\/","url":"https:\/\/villachaparral.com\/het-complex\/","name":"Villa Chaparral - Villa Chaparral","isPartOf":{"@id":"https:\/\/villachaparral.com\/#website"},"primaryImageOfPage":{"@id":"https:\/\/villachaparral.com\/het-complex\/#primaryimage"},"image":{"@id":"https:\/\/villachaparral.com\/het-complex\/#primaryimage"},"thumbnailUrl":"https:\/\/villachaparral.com\/wp-content\/uploads\/sites\/31\/2023\/07\/villa_chaparral.jpg","datePublished":"2022-01-27T10:58:29+00:00","dateModified":"2023-07-25T12:46:18+00:00","breadcrumb":{"@id":"https:\/\/villachaparral.com\/het-complex\/#breadcrumb"},"inLanguage":"fr-FR","potentialAction":[{"@type":"ReadAction","target":["https:\/\/villachaparral.com\/het-complex\/"]}]},{"@type":"ImageObject","inLanguage":"fr-FR","@id":"https:\/\/villachaparral.com\/het-complex\/#primaryimage","url":"https:\/\/villachaparral.com\/wp-content\/uploads\/sites\/31\/2023\/07\/villa_chaparral.jpg","contentUrl":"https:\/\/villachaparral.com\/wp-content\/uploads\/sites\/31\/2023\/07\/villa_chaparral.jpg","width":1024,"height":576},{"@type":"BreadcrumbList","@id":"https:\/\/villachaparral.com\/het-complex\/#breadcrumb","itemListElement":[{"@type":"ListItem","position":1,"name":"Home","item":"https:\/\/villachaparral.com\/"},{"@type":"ListItem","position":2,"name":"Villa Chaparral"}]},{"@type":"WebSite","@id":"https:\/\/villachaparral.com\/#website","url":"https:\/\/villachaparral.com\/","name":"Villa Chaparral","description":"","potentialAction":[{"@type":"SearchAction","target":{"@type":"EntryPoint","urlTemplate":"https:\/\/villachaparral.com\/?s={search_term_string}"},"query-input":{"@type":"PropertyValueSpecification","valueRequired":true,"valueName":"search_term_string"}}],"inLanguage":"fr-FR"}]}},"_links":{"self":[{"href":"https:\/\/villachaparral.com\/fr\/wp-json\/wp\/v2\/pages\/95","targetHints":{"allow":["GET"]}}],"collection":[{"href":"https:\/\/villachaparral.com\/fr\/wp-json\/wp\/v2\/pages"}],"about":[{"href":"https:\/\/villachaparral.com\/fr\/wp-json\/wp\/v2\/types\/page"}],"author":[{"embeddable":true,"href":"https:\/\/villachaparral.com\/fr\/wp-json\/wp\/v2\/users\/1"}],"replies":[{"embeddable":true,"href":"https:\/\/villachaparral.com\/fr\/wp-json\/wp\/v2\/comments?post=95"}],"version-history":[{"count":61,"href":"https:\/\/villachaparral.com\/fr\/wp-json\/wp\/v2\/pages\/95\/revisions"}],"predecessor-version":[{"id":4443,"href":"https:\/\/villachaparral.com\/fr\/wp-json\/wp\/v2\/pages\/95\/revisions\/4443"}],"wp:featuredmedia":[{"embeddable":true,"href":"https:\/\/villachaparral.com\/fr\/wp-json\/wp\/v2\/media\/4418"}],"wp:attachment":[{"href":"https:\/\/villachaparral.com\/fr\/wp-json\/wp\/v2\/media?parent=95"}],"curies":[{"name":"wp","href":"https:\/\/api.w.org\/{rel}","templated":true}]}}