{"id":95,"date":"2022-01-27T10:58:29","date_gmt":"2022-01-27T10:58:29","guid":{"rendered":"http:\/\/cognito.mprinsdesign.nl\/?page_id=95"},"modified":"2023-07-25T12:46:18","modified_gmt":"2023-07-25T12:46:18","slug":"il-complesso","status":"publish","type":"page","link":"https:\/\/villachaparral.com\/it\/il-complesso\/","title":{"rendered":"Villa Chaparral"},"content":{"rendered":"<section class=\"wpb-content-wrapper\"><div  class=\"content_row row page-content vc_row wpb_row  default-style fullwidth\" >\n\t\n\t<div class=\"content_row_wrapper  default\" >\n\t<div id=\"asdasd\" class=\"vc_col-sm-12 wpb_column vc_column_container\" >\n\t<div class=\"vc_column-inner\">\n\t\t<div class=\"wpb_wrapper\" >\n\t\t\t<div class=\"rt_heading_wrapper no-style\">\n\t\t\t\t\t\t<h1 class=\"rt_heading  no-style\"  style=\"font-size:24px;margin-top:24px;margin-bottom:0px;\">Villa Chaparral \u2013 <span class=\"after_h1\">El Chaparral<\/span><\/h1> \n\t\t\t\t\t<\/div><div class=\"vc_empty_space\"   style=\"height: 32px\"><span class=\"vc_empty_space_inner\"><\/span><\/div><div class=\"vc_separator wpb_content_element vc_separator_align_center vc_sep_width_100 vc_sep_style-4 vc_sep_pos_align_center vc_separator_no_text vc_sep_color_grey\" ><span class=\"vc_sep_holder vc_sep_holder_l\"><span class=\"vc_sep_line\"><\/span><\/span><span class=\"vc_sep_holder vc_sep_holder_r\"><span class=\"vc_sep_line\"><\/span><\/span>\n<\/div><div class=\"vc_empty_space\"   style=\"height: 32px\"><span class=\"vc_empty_space_inner\"><\/span><\/div>\n\t<div class=\"wpb_text_column wpb_content_element\" >\n\t\t<div class=\"wpb_wrapper\">\n\t\t\t<div class=\"\">\n<p>Villa Chaparral \u00e8 un progetto di nuova costruzione progressivo composto da 10 ville moderne, in una posizione privilegiata in una delle urbanizzazioni pi\u00f9 belle di Mijas, El Chaparral. Il progetto si trova a soli 20 minuti di auto dall&#039;aeroporto di Malaga, tra le famose localit\u00e0 di Fuengirola e Marbella.<\/p>\n<p>Gli ampi appezzamenti di Villa Chaparral si trovano a soli 200 metri dal Mar Mediterraneo e a non pi\u00f9 di 500 metri dalla club house del campo da golf a 18 buche El Chaparral.<\/p>\n<p>Ogni villa ti d\u00e0 immediatamente una sensazione di luminosit\u00e0 e spaziosit\u00e0, con diversi spazi aperti con molto vetro e un soffitto spiovente a doppia altezza nel soggiorno. Sebbene tutte le ville sembrino uguali, Villa Chaparral ti offre l&#039;opportunit\u00e0 di organizzare la villa dei tuoi sogni secondo i tuoi gusti e desideri. Queste ville moderne e lussuose sono costruite su 2 piani e possono essere consegnate con 4 o 5 camere da letto, un giardino privato con una spaziosa piscina e vista sul Mar Mediterraneo. \u00c8 inoltre possibile realizzare uno spazioso seminterrato sotto casa per ulteriori stanze, palestra e\/o parcheggio.<\/p>\n<p>Villa Chaparral ha stretto una partnership con Porcelanosa per questo bellissimo progetto. Sono conosciuti come uno dei principali fornitori di pavimenti in piastrelle, mobili da bagno di lusso e cucine moderne. Oltre all&#039;ampia gamma di opzioni offerte, c&#039;\u00e8 anche la possibilit\u00e0 di arredare la villa dei tuoi sogni interamente secondo i tuoi gusti.<\/p>\n<p>Disposizione:<\/p>\n<p>piano terra: ecco l&#039;ampio soggiorno aperto con soffitto spiovente e moderno camino. Una cucina separata con cucina Porcelanosa completamente attrezzata con elettrodomestici da incasso Bosch. Entrambe le zone giorno hanno grandi finestre scorrevoli e forniscono accesso diretto alle terrazze e alla piscina. Inoltre, su questo piano troverete una spaziosa camera da letto con bagno privato, una toilette separata e un ampio ripostiglio. C&#039;\u00e8 anche un parcheggio per 2 o 3 auto davanti alla villa.<\/p>\n<p>primo piano: su questo piano troverete la spaziosa e lussuosa camera da letto principale con cabina armadio, bagno privato e un&#039;incantevole e spaziosa terrazza con vista sul giardino, sulla piscina e sul Mar Mediterraneo. Ci sono anche 2 camere da letto e un ampio bagno.<\/p>\n<p>seminterrato: qui hai la possibilit\u00e0, se lo desideri, di dividere lo spazio come desideri con, ad esempio, un ampio garage, un ripostiglio per ulteriore spazio di stoccaggio, camere da letto extra o, ad esempio, un home cinema e\/o una palestra! (il seminterrato \u00e8 facoltativo).<\/p>\n<p>Si prevede che le ville saranno completate entro il primo trimestre del 2026.<\/p>\n<p>Se desideri informazioni pi\u00f9 specifiche su queste ville o desideri programmare una visita (virtuale), non esitare a contattarci.<\/p>\n<p>&nbsp;<\/p>\n<p>&nbsp;<\/p>\n<\/div>\n\n\t\t<\/div>\n\t<\/div>\n\n\t\t<\/div>\n\t<\/div>\n\t<\/div>\n\n<\/div>\n<\/div>\n\n<div  class=\"content_row row page-content vc_row wpb_row  default-style fullwidth\" style=\"background-color: #bbac8c;\">\n\t\n\t<div class=\"content_row_wrapper  default\" >\n\t<div id=\"asdasd\" class=\"vc_col-sm-12 wpb_column vc_column_container\" >\n\t<div class=\"vc_column-inner\">\n\t\t<div class=\"wpb_wrapper\" >\n\t\t\t<div class=\"rt_heading_wrapper no-style\">\n\t\t\t\t\t\t<h1 class=\"rt_heading  no-style\"  style=\"font-size:24px;margin-top:24px;margin-bottom:0px;\">Caratteristiche - <span class=\"after_h1 white\">Villa Chaparral<\/span><\/h1> \n\t\t\t\t\t<\/div><div class=\"vc_empty_space\"   style=\"height: 32px\"><span class=\"vc_empty_space_inner\"><\/span><\/div><div class=\"vc_separator wpb_content_element vc_separator_align_center vc_sep_width_100 vc_sep_style-4 vc_sep_pos_align_center vc_separator_no_text vc_sep_color_grey\" ><span class=\"vc_sep_holder vc_sep_holder_l\"><span class=\"vc_sep_line\"><\/span><\/span><span class=\"vc_sep_holder vc_sep_holder_r\"><span class=\"vc_sep_line\"><\/span><\/span>\n<\/div>\n\t<div class=\"wpb_text_column wpb_content_element\" >\n\t\t<div class=\"wpb_wrapper\">\n\t\t\t\t \n\t\t<div  class=\"bullet-list style-1  check\">\n\t\t<ul>\n<li>Piscina al coperto<\/li>\n<li>Fitness<\/li>\n<li>Servizi di portineria<\/li>\n<li>Campo da paddle tennis<\/li>\n<li><span style=\"font-weight: 400;\">Piscina privata<\/span><\/li>\n<li>prezzi a partire da \u20ac 1.390.000.<\/li>\n<\/ul>\n\n\t\t<\/div>\n\t\n\n\t\t<\/div>\n\t<\/div>\n\n\t\t<\/div>\n\t<\/div>\n\t<\/div>\n\n<\/div>\n<\/div>\n\n<div  class=\"content_row row quote-row vc_row wpb_row  default-style fullwidth\" style=\"background-color: #fcfcfc;\">\n\t\n\t<div class=\"content_row_wrapper  fullwidth\" >\n\t<div id=\"asdasd\" class=\"vc_col-sm-12 wpb_column vc_column_container vc_custom_1644925648982\" >\n\t<div class=\"vc_column-inner\">\n\t\t<div class=\"wpb_wrapper\" >\n\t\t\t<div class=\"rt_heading_wrapper style-3\">\n\t\t\t\t\t\t<h4 class=\"rt_heading serif quote-max-width style-3\" >Pacchetto informativo Villa Chaparral <a href=\"https:\/\/new.minisites.casadelmar.nl\/meer-informatie\/\"> Richiedi brochure e listino prezzi <\/a><\/h4> \n\t\t\t\t\t<\/div>\n\t\t<\/div>\n\t<\/div>\n\t<\/div>\n\n<\/div>\n<\/div>\n\n<div  class=\"content_row row vc_row wpb_row  default-style fullwidth\" >\n\t\n\t<div class=\"content_row_wrapper  default\" >\n\t<div id=\"asdasd\" class=\"vc_col-sm-12 wpb_column vc_column_container\" >\n\t<div class=\"vc_column-inner\">\n\t\t<div class=\"wpb_wrapper\" >\n\t\t\t<div class=\"button_wrapper aligncenter\"><a  href=\"\/it\/maggiori-informazioni\/\" target=\"_self\" title=\"&gt; maggiori informazioni\" class=\"button_  style-2 small\">&gt; maggiori informazioni<\/a><\/div>\n\t\t<\/div>\n\t<\/div>\n\t<\/div>\n\n<\/div>\n<\/div>\n<\/section>","protected":false},"excerpt":{"rendered":"<p>\u2026 <a class=\"more-link\" href=\"https:\/\/villachaparral.com\/it\/il-complesso\/\">Continua a leggere<\/a><\/p>","protected":false},"author":1,"featured_media":4418,"parent":0,"menu_order":3,"comment_status":"closed","ping_status":"closed","template":"","meta":{"footnotes":""},"class_list":["post-95","page","type-page","status-publish","has-post-thumbnail","hentry"],"yoast_head":"<!-- This site is optimized with the Yoast SEO plugin v26.0 - https:\/\/yoast.com\/wordpress\/plugins\/seo\/ -->\n<title>Villa Chaparral - Villa Chaparral<\/title>\n<meta name=\"robots\" content=\"index, follow, max-snippet:-1, max-image-preview:large, max-video-preview:-1\" \/>\n<link rel=\"canonical\" href=\"https:\/\/villachaparral.com\/it\/il-complesso\/\" \/>\n<meta property=\"og:locale\" content=\"it_IT\" \/>\n<meta property=\"og:type\" content=\"article\" \/>\n<meta property=\"og:title\" content=\"Villa Chaparral - Villa Chaparral\" \/>\n<meta property=\"og:url\" content=\"https:\/\/villachaparral.com\/it\/il-complesso\/\" \/>\n<meta property=\"og:site_name\" content=\"Villa Chaparral\" \/>\n<meta property=\"article:modified_time\" content=\"2023-07-25T12:46:18+00:00\" \/>\n<meta property=\"og:image\" content=\"https:\/\/villachaparral.com\/wp-content\/uploads\/sites\/31\/2023\/07\/villa_chaparral.jpg\" \/>\n\t<meta property=\"og:image:width\" content=\"1024\" \/>\n\t<meta property=\"og:image:height\" content=\"576\" \/>\n\t<meta property=\"og:image:type\" content=\"image\/jpeg\" \/>\n<meta name=\"twitter:card\" content=\"summary_large_image\" \/>\n<meta name=\"twitter:label1\" content=\"Tempo di lettura stimato\" \/>\n\t<meta name=\"twitter:data1\" content=\"2 minuti\" \/>\n<script type=\"application\/ld+json\" class=\"yoast-schema-graph\">{\"@context\":\"https:\/\/schema.org\",\"@graph\":[{\"@type\":\"WebPage\",\"@id\":\"https:\/\/villachaparral.com\/het-complex\/\",\"url\":\"https:\/\/villachaparral.com\/het-complex\/\",\"name\":\"Villa Chaparral - Villa Chaparral\",\"isPartOf\":{\"@id\":\"https:\/\/villachaparral.com\/#website\"},\"primaryImageOfPage\":{\"@id\":\"https:\/\/villachaparral.com\/het-complex\/#primaryimage\"},\"image\":{\"@id\":\"https:\/\/villachaparral.com\/het-complex\/#primaryimage\"},\"thumbnailUrl\":\"https:\/\/villachaparral.com\/wp-content\/uploads\/sites\/31\/2023\/07\/villa_chaparral.jpg\",\"datePublished\":\"2022-01-27T10:58:29+00:00\",\"dateModified\":\"2023-07-25T12:46:18+00:00\",\"breadcrumb\":{\"@id\":\"https:\/\/villachaparral.com\/het-complex\/#breadcrumb\"},\"inLanguage\":\"it-IT\",\"potentialAction\":[{\"@type\":\"ReadAction\",\"target\":[\"https:\/\/villachaparral.com\/het-complex\/\"]}]},{\"@type\":\"ImageObject\",\"inLanguage\":\"it-IT\",\"@id\":\"https:\/\/villachaparral.com\/het-complex\/#primaryimage\",\"url\":\"https:\/\/villachaparral.com\/wp-content\/uploads\/sites\/31\/2023\/07\/villa_chaparral.jpg\",\"contentUrl\":\"https:\/\/villachaparral.com\/wp-content\/uploads\/sites\/31\/2023\/07\/villa_chaparral.jpg\",\"width\":1024,\"height\":576},{\"@type\":\"BreadcrumbList\",\"@id\":\"https:\/\/villachaparral.com\/het-complex\/#breadcrumb\",\"itemListElement\":[{\"@type\":\"ListItem\",\"position\":1,\"name\":\"Home\",\"item\":\"https:\/\/villachaparral.com\/\"},{\"@type\":\"ListItem\",\"position\":2,\"name\":\"Villa Chaparral\"}]},{\"@type\":\"WebSite\",\"@id\":\"https:\/\/villachaparral.com\/#website\",\"url\":\"https:\/\/villachaparral.com\/\",\"name\":\"Villa Chaparral\",\"description\":\"\",\"potentialAction\":[{\"@type\":\"SearchAction\",\"target\":{\"@type\":\"EntryPoint\",\"urlTemplate\":\"https:\/\/villachaparral.com\/?s={search_term_string}\"},\"query-input\":{\"@type\":\"PropertyValueSpecification\",\"valueRequired\":true,\"valueName\":\"search_term_string\"}}],\"inLanguage\":\"it-IT\"}]}<\/script>\n<!-- \/ Yoast SEO plugin. -->","yoast_head_json":{"title":"Villa Chaparral - Villa Chaparral","robots":{"index":"index","follow":"follow","max-snippet":"max-snippet:-1","max-image-preview":"max-image-preview:large","max-video-preview":"max-video-preview:-1"},"canonical":"https:\/\/villachaparral.com\/it\/il-complesso\/","og_locale":"it_IT","og_type":"article","og_title":"Villa Chaparral - Villa Chaparral","og_url":"https:\/\/villachaparral.com\/it\/il-complesso\/","og_site_name":"Villa Chaparral","article_modified_time":"2023-07-25T12:46:18+00:00","og_image":[{"width":1024,"height":576,"url":"https:\/\/villachaparral.com\/wp-content\/uploads\/sites\/31\/2023\/07\/villa_chaparral.jpg","type":"image\/jpeg"}],"twitter_card":"summary_large_image","twitter_misc":{"Tempo di lettura stimato":"2 minuti"},"schema":{"@context":"https:\/\/schema.org","@graph":[{"@type":"WebPage","@id":"https:\/\/villachaparral.com\/het-complex\/","url":"https:\/\/villachaparral.com\/het-complex\/","name":"Villa Chaparral - Villa Chaparral","isPartOf":{"@id":"https:\/\/villachaparral.com\/#website"},"primaryImageOfPage":{"@id":"https:\/\/villachaparral.com\/het-complex\/#primaryimage"},"image":{"@id":"https:\/\/villachaparral.com\/het-complex\/#primaryimage"},"thumbnailUrl":"https:\/\/villachaparral.com\/wp-content\/uploads\/sites\/31\/2023\/07\/villa_chaparral.jpg","datePublished":"2022-01-27T10:58:29+00:00","dateModified":"2023-07-25T12:46:18+00:00","breadcrumb":{"@id":"https:\/\/villachaparral.com\/het-complex\/#breadcrumb"},"inLanguage":"it-IT","potentialAction":[{"@type":"ReadAction","target":["https:\/\/villachaparral.com\/het-complex\/"]}]},{"@type":"ImageObject","inLanguage":"it-IT","@id":"https:\/\/villachaparral.com\/het-complex\/#primaryimage","url":"https:\/\/villachaparral.com\/wp-content\/uploads\/sites\/31\/2023\/07\/villa_chaparral.jpg","contentUrl":"https:\/\/villachaparral.com\/wp-content\/uploads\/sites\/31\/2023\/07\/villa_chaparral.jpg","width":1024,"height":576},{"@type":"BreadcrumbList","@id":"https:\/\/villachaparral.com\/het-complex\/#breadcrumb","itemListElement":[{"@type":"ListItem","position":1,"name":"Home","item":"https:\/\/villachaparral.com\/"},{"@type":"ListItem","position":2,"name":"Villa Chaparral"}]},{"@type":"WebSite","@id":"https:\/\/villachaparral.com\/#website","url":"https:\/\/villachaparral.com\/","name":"Villa Chaparral","description":"","potentialAction":[{"@type":"SearchAction","target":{"@type":"EntryPoint","urlTemplate":"https:\/\/villachaparral.com\/?s={search_term_string}"},"query-input":{"@type":"PropertyValueSpecification","valueRequired":true,"valueName":"search_term_string"}}],"inLanguage":"it-IT"}]}},"_links":{"self":[{"href":"https:\/\/villachaparral.com\/it\/wp-json\/wp\/v2\/pages\/95","targetHints":{"allow":["GET"]}}],"collection":[{"href":"https:\/\/villachaparral.com\/it\/wp-json\/wp\/v2\/pages"}],"about":[{"href":"https:\/\/villachaparral.com\/it\/wp-json\/wp\/v2\/types\/page"}],"author":[{"embeddable":true,"href":"https:\/\/villachaparral.com\/it\/wp-json\/wp\/v2\/users\/1"}],"replies":[{"embeddable":true,"href":"https:\/\/villachaparral.com\/it\/wp-json\/wp\/v2\/comments?post=95"}],"version-history":[{"count":61,"href":"https:\/\/villachaparral.com\/it\/wp-json\/wp\/v2\/pages\/95\/revisions"}],"predecessor-version":[{"id":4443,"href":"https:\/\/villachaparral.com\/it\/wp-json\/wp\/v2\/pages\/95\/revisions\/4443"}],"wp:featuredmedia":[{"embeddable":true,"href":"https:\/\/villachaparral.com\/it\/wp-json\/wp\/v2\/media\/4418"}],"wp:attachment":[{"href":"https:\/\/villachaparral.com\/it\/wp-json\/wp\/v2\/media?parent=95"}],"curies":[{"name":"wp","href":"https:\/\/api.w.org\/{rel}","templated":true}]}}