{"id":95,"date":"2022-01-27T10:58:29","date_gmt":"2022-01-27T10:58:29","guid":{"rendered":"http:\/\/cognito.mprinsdesign.nl\/?page_id=95"},"modified":"2023-07-25T12:46:18","modified_gmt":"2023-07-25T12:46:18","slug":"kompleks","status":"publish","type":"page","link":"https:\/\/villachaparral.com\/pl\/kompleks\/","title":{"rendered":"Willa Chaparral"},"content":{"rendered":"<section class=\"wpb-content-wrapper\"><div  class=\"content_row row page-content vc_row wpb_row  default-style fullwidth\" >\n\t\n\t<div class=\"content_row_wrapper  default\" >\n\t<div id=\"asdasd\" class=\"vc_col-sm-12 wpb_column vc_column_container\" >\n\t<div class=\"vc_column-inner\">\n\t\t<div class=\"wpb_wrapper\" >\n\t\t\t<div class=\"rt_heading_wrapper no-style\">\n\t\t\t\t\t\t<h1 class=\"rt_heading  no-style\"  style=\"font-size:24px;margin-top:24px;margin-bottom:0px;\">Willa Chaparral \u2013 <span class=\"after_h1\">El Chaparral<\/span><\/h1> \n\t\t\t\t\t<\/div><div class=\"vc_empty_space\"   style=\"height: 32px\"><span class=\"vc_empty_space_inner\"><\/span><\/div><div class=\"vc_separator wpb_content_element vc_separator_align_center vc_sep_width_100 vc_sep_style-4 vc_sep_pos_align_center vc_separator_no_text vc_sep_color_grey\" ><span class=\"vc_sep_holder vc_sep_holder_l\"><span class=\"vc_sep_line\"><\/span><\/span><span class=\"vc_sep_holder vc_sep_holder_r\"><span class=\"vc_sep_line\"><\/span><\/span>\n<\/div><div class=\"vc_empty_space\"   style=\"height: 32px\"><span class=\"vc_empty_space_inner\"><\/span><\/div>\n\t<div class=\"wpb_text_column wpb_content_element\" >\n\t\t<div class=\"wpb_wrapper\">\n\t\t\t<div class=\"\">\n<p>Villa Chaparral to progresywny nowy projekt budowlany sk\u0142adaj\u0105cy si\u0119 z 10 nowoczesnych willi, w doskona\u0142ej lokalizacji w jednej z najpi\u0119kniejszych urbanizacji Mijas, El Chaparral. Projekt zlokalizowany jest zaledwie 20 minut jazdy od lotniska w Maladze, pomi\u0119dzy s\u0142ynnymi kurortami Fuengirola i Marbella.<\/p>\n<p>Przestronne dzia\u0142ki Villa Chaparral znajduj\u0105 si\u0119 zaledwie 200 metr\u00f3w od Morza \u015ar\u00f3dziemnego i nie wi\u0119cej ni\u017c 500 metr\u00f3w od siedziby klubu 18-do\u0142kowego pola golfowego El Chaparral.<\/p>\n<p>Ka\u017cda willa od razu daje wra\u017cenie lekko\u015bci i przestronno\u015bci, z kilkoma otwartymi przestrzeniami z du\u017c\u0105 ilo\u015bci\u0105 szk\u0142a i podw\u00f3jnie wysokim sko\u015bnym sufitem w salonie. Chocia\u017c wszystkie wille wygl\u0105daj\u0105 tak samo, Villa Chaparral oferuje mo\u017cliwo\u015b\u0107 zaaran\u017cowania wymarzonej willi wed\u0142ug w\u0142asnego gustu i \u017cycze\u0144. Te nowoczesne i luksusowe wille s\u0105 zbudowane na 2 pi\u0119trach i mog\u0105 by\u0107 dostarczone z 4 lub 5 sypialniami, prywatnym ogrodem z du\u017cym basenem i widokiem na Morze \u015ar\u00f3dziemne. Istnieje r\u00f3wnie\u017c mo\u017cliwo\u015b\u0107 wybudowania przestronnej piwnicy pod domem na dodatkowe pokoje, si\u0142owni\u0119 i\/lub parking.<\/p>\n<p>Villa Chaparral nawi\u0105za\u0142a wsp\u00f3\u0142prac\u0119 z Porcelanosa przy tym pi\u0119knym projekcie. Znani s\u0105 jako jeden z wiod\u0105cych dostawc\u00f3w pod\u0142\u00f3g wy\u0142o\u017conych kafelkami, luksusowych mebli \u0142azienkowych i nowoczesnych kuchni. Opr\u00f3cz szerokiej gamy oferowanych opcji, istnieje r\u00f3wnie\u017c mo\u017cliwo\u015b\u0107 zaprojektowania wymarzonej willi ca\u0142kowicie wed\u0142ug w\u0142asnego gustu.<\/p>\n<p>Uk\u0142ad:<\/p>\n<p>parter: tutaj znajdziesz przestronny, otwarty salon ze sko\u015bnym sufitem i nowoczesnym kominkiem. Oddzielna kuchnia zw pe\u0142ni wyposa\u017con\u0105 kuchni\u0105 Porcelanosa ze sprz\u0119tem AGD marki Bosch. Obie cz\u0119\u015bci mieszkalne maj\u0105 du\u017ce przesuwne okna i zapewniaj\u0105 bezpo\u015bredni dost\u0119p do taras\u00f3w i basenu. Na tym pi\u0119trze znajduje si\u0119 r\u00f3wnie\u017c przestronna sypialnia z \u0142azienk\u0105, oddzieln\u0105 toalet\u0105 oraz przestronnym pomieszczeniem gospodarczym. Przed will\u0105 znajduje si\u0119 r\u00f3wnie\u017c parking na 2 lub 3 samochody.<\/p>\n<p>pierwsze pi\u0119tro: na tym pi\u0119trze znajduje si\u0119 przestronna i luksusowa g\u0142\u00f3wna sypialnia z garderob\u0105, \u0142azienk\u0105 i cudownie przestronnym tarasem z widokiem na ogr\u00f3d, basen i Morze \u015ar\u00f3dziemne. Do dyspozycji Go\u015bci s\u0105 r\u00f3wnie\u017c 2 sypialnie oraz przestronna \u0142azienka.<\/p>\n<p>piwnica: tutaj masz mo\u017cliwo\u015b\u0107 dowolnej aran\u017cacji przestrzeni, na przyk\u0142ad z przestronnym gara\u017cem, pomieszczeniem do przechowywania, dodatkowymi sypialniami lub na przyk\u0142ad kinem domowym i \/ lub si\u0142owni\u0105! (piwnica jest opcjonalna).<\/p>\n<p>Oddanie willi planowane jest na I kwarta\u0142 2026 roku.<\/p>\n<p>Je\u015bli chcesz uzyska\u0107 bardziej szczeg\u00f3\u0142owe informacje na temat tych willi lub je\u015bli chcesz um\u00f3wi\u0107 si\u0119 na (wirtualn\u0105) wizyt\u0119, nie wahaj si\u0119 z nami skontaktowa\u0107.<\/p>\n<p>&nbsp;<\/p>\n<p>&nbsp;<\/p>\n<\/div>\n\n\t\t<\/div>\n\t<\/div>\n\n\t\t<\/div>\n\t<\/div>\n\t<\/div>\n\n<\/div>\n<\/div>\n\n<div  class=\"content_row row page-content vc_row wpb_row  default-style fullwidth\" style=\"background-color: #bbac8c;\">\n\t\n\t<div class=\"content_row_wrapper  default\" >\n\t<div id=\"asdasd\" class=\"vc_col-sm-12 wpb_column vc_column_container\" >\n\t<div class=\"vc_column-inner\">\n\t\t<div class=\"wpb_wrapper\" >\n\t\t\t<div class=\"rt_heading_wrapper no-style\">\n\t\t\t\t\t\t<h1 class=\"rt_heading  no-style\"  style=\"font-size:24px;margin-top:24px;margin-bottom:0px;\">Cechy - <span class=\"after_h1 white\">Willa Chaparral<\/span><\/h1> \n\t\t\t\t\t<\/div><div class=\"vc_empty_space\"   style=\"height: 32px\"><span class=\"vc_empty_space_inner\"><\/span><\/div><div class=\"vc_separator wpb_content_element vc_separator_align_center vc_sep_width_100 vc_sep_style-4 vc_sep_pos_align_center vc_separator_no_text vc_sep_color_grey\" ><span class=\"vc_sep_holder vc_sep_holder_l\"><span class=\"vc_sep_line\"><\/span><\/span><span class=\"vc_sep_holder vc_sep_holder_r\"><span class=\"vc_sep_line\"><\/span><\/span>\n<\/div>\n\t<div class=\"wpb_text_column wpb_content_element\" >\n\t\t<div class=\"wpb_wrapper\">\n\t\t\t\t \n\t\t<div  class=\"bullet-list style-1  check\">\n\t\t<ul>\n<li>Kryty basen<\/li>\n<li>Zdatno\u015b\u0107<\/li>\n<li>Us\u0142ugi konsjer\u017ca<\/li>\n<li>Kort tenisowy do padla<\/li>\n<li><span style=\"font-weight: 400;\">Prywatny basen<\/span><\/li>\n<li>ceny od 1 390 000 \u20ac.<\/li>\n<\/ul>\n\n\t\t<\/div>\n\t\n\n\t\t<\/div>\n\t<\/div>\n\n\t\t<\/div>\n\t<\/div>\n\t<\/div>\n\n<\/div>\n<\/div>\n\n<div  class=\"content_row row quote-row vc_row wpb_row  default-style fullwidth\" style=\"background-color: #fcfcfc;\">\n\t\n\t<div class=\"content_row_wrapper  fullwidth\" >\n\t<div id=\"asdasd\" class=\"vc_col-sm-12 wpb_column vc_column_container vc_custom_1644925648982\" >\n\t<div class=\"vc_column-inner\">\n\t\t<div class=\"wpb_wrapper\" >\n\t\t\t<div class=\"rt_heading_wrapper style-3\">\n\t\t\t\t\t\t<h4 class=\"rt_heading serif quote-max-width style-3\" >Pakiet informacyjny Villa Chaparral <a href=\"https:\/\/new.minisites.casadelmar.nl\/meer-informatie\/\"> Popro\u015b o broszur\u0119 i cennik <\/a><\/h4> \n\t\t\t\t\t<\/div>\n\t\t<\/div>\n\t<\/div>\n\t<\/div>\n\n<\/div>\n<\/div>\n\n<div  class=\"content_row row vc_row wpb_row  default-style fullwidth\" >\n\t\n\t<div class=\"content_row_wrapper  default\" >\n\t<div id=\"asdasd\" class=\"vc_col-sm-12 wpb_column vc_column_container\" >\n\t<div class=\"vc_column-inner\">\n\t\t<div class=\"wpb_wrapper\" >\n\t\t\t<div class=\"button_wrapper aligncenter\"><a  href=\"\/pl\/wiecej-informacji\/\" target=\"_self\" title=\"&gt; wi\u0119cej informacji\" class=\"button_  style-2 small\">&gt; wi\u0119cej informacji<\/a><\/div>\n\t\t<\/div>\n\t<\/div>\n\t<\/div>\n\n<\/div>\n<\/div>\n<\/section>","protected":false},"excerpt":{"rendered":"<p>\u2026 <a class=\"more-link\" href=\"https:\/\/villachaparral.com\/pl\/kompleks\/\">Kontynuuj czytanie<\/a><\/p>","protected":false},"author":1,"featured_media":4418,"parent":0,"menu_order":3,"comment_status":"closed","ping_status":"closed","template":"","meta":{"footnotes":""},"class_list":["post-95","page","type-page","status-publish","has-post-thumbnail","hentry"],"yoast_head":"<!-- This site is optimized with the Yoast SEO plugin v26.0 - https:\/\/yoast.com\/wordpress\/plugins\/seo\/ -->\n<title>Villa Chaparral - Villa Chaparral<\/title>\n<meta name=\"robots\" content=\"index, follow, max-snippet:-1, max-image-preview:large, max-video-preview:-1\" \/>\n<link rel=\"canonical\" href=\"https:\/\/villachaparral.com\/pl\/kompleks\/\" \/>\n<meta property=\"og:locale\" content=\"pl_PL\" \/>\n<meta property=\"og:type\" content=\"article\" \/>\n<meta property=\"og:title\" content=\"Villa Chaparral - Villa Chaparral\" \/>\n<meta property=\"og:url\" content=\"https:\/\/villachaparral.com\/pl\/kompleks\/\" \/>\n<meta property=\"og:site_name\" content=\"Villa Chaparral\" \/>\n<meta property=\"article:modified_time\" content=\"2023-07-25T12:46:18+00:00\" \/>\n<meta property=\"og:image\" content=\"https:\/\/villachaparral.com\/wp-content\/uploads\/sites\/31\/2023\/07\/villa_chaparral.jpg\" \/>\n\t<meta property=\"og:image:width\" content=\"1024\" \/>\n\t<meta property=\"og:image:height\" content=\"576\" \/>\n\t<meta property=\"og:image:type\" content=\"image\/jpeg\" \/>\n<meta name=\"twitter:card\" content=\"summary_large_image\" \/>\n<meta name=\"twitter:label1\" content=\"Szacowany czas czytania\" \/>\n\t<meta name=\"twitter:data1\" content=\"2 minuty\" \/>\n<script type=\"application\/ld+json\" class=\"yoast-schema-graph\">{\"@context\":\"https:\/\/schema.org\",\"@graph\":[{\"@type\":\"WebPage\",\"@id\":\"https:\/\/villachaparral.com\/het-complex\/\",\"url\":\"https:\/\/villachaparral.com\/het-complex\/\",\"name\":\"Villa Chaparral - Villa Chaparral\",\"isPartOf\":{\"@id\":\"https:\/\/villachaparral.com\/#website\"},\"primaryImageOfPage\":{\"@id\":\"https:\/\/villachaparral.com\/het-complex\/#primaryimage\"},\"image\":{\"@id\":\"https:\/\/villachaparral.com\/het-complex\/#primaryimage\"},\"thumbnailUrl\":\"https:\/\/villachaparral.com\/wp-content\/uploads\/sites\/31\/2023\/07\/villa_chaparral.jpg\",\"datePublished\":\"2022-01-27T10:58:29+00:00\",\"dateModified\":\"2023-07-25T12:46:18+00:00\",\"breadcrumb\":{\"@id\":\"https:\/\/villachaparral.com\/het-complex\/#breadcrumb\"},\"inLanguage\":\"pl-PL\",\"potentialAction\":[{\"@type\":\"ReadAction\",\"target\":[\"https:\/\/villachaparral.com\/het-complex\/\"]}]},{\"@type\":\"ImageObject\",\"inLanguage\":\"pl-PL\",\"@id\":\"https:\/\/villachaparral.com\/het-complex\/#primaryimage\",\"url\":\"https:\/\/villachaparral.com\/wp-content\/uploads\/sites\/31\/2023\/07\/villa_chaparral.jpg\",\"contentUrl\":\"https:\/\/villachaparral.com\/wp-content\/uploads\/sites\/31\/2023\/07\/villa_chaparral.jpg\",\"width\":1024,\"height\":576},{\"@type\":\"BreadcrumbList\",\"@id\":\"https:\/\/villachaparral.com\/het-complex\/#breadcrumb\",\"itemListElement\":[{\"@type\":\"ListItem\",\"position\":1,\"name\":\"Home\",\"item\":\"https:\/\/villachaparral.com\/\"},{\"@type\":\"ListItem\",\"position\":2,\"name\":\"Villa Chaparral\"}]},{\"@type\":\"WebSite\",\"@id\":\"https:\/\/villachaparral.com\/#website\",\"url\":\"https:\/\/villachaparral.com\/\",\"name\":\"Villa Chaparral\",\"description\":\"\",\"potentialAction\":[{\"@type\":\"SearchAction\",\"target\":{\"@type\":\"EntryPoint\",\"urlTemplate\":\"https:\/\/villachaparral.com\/?s={search_term_string}\"},\"query-input\":{\"@type\":\"PropertyValueSpecification\",\"valueRequired\":true,\"valueName\":\"search_term_string\"}}],\"inLanguage\":\"pl-PL\"}]}<\/script>\n<!-- \/ Yoast SEO plugin. -->","yoast_head_json":{"title":"Willa Chaparral - Willa Chaparral","robots":{"index":"index","follow":"follow","max-snippet":"max-snippet:-1","max-image-preview":"max-image-preview:large","max-video-preview":"max-video-preview:-1"},"canonical":"https:\/\/villachaparral.com\/pl\/kompleks\/","og_locale":"pl_PL","og_type":"article","og_title":"Villa Chaparral - Villa Chaparral","og_url":"https:\/\/villachaparral.com\/pl\/kompleks\/","og_site_name":"Villa Chaparral","article_modified_time":"2023-07-25T12:46:18+00:00","og_image":[{"width":1024,"height":576,"url":"https:\/\/villachaparral.com\/wp-content\/uploads\/sites\/31\/2023\/07\/villa_chaparral.jpg","type":"image\/jpeg"}],"twitter_card":"summary_large_image","twitter_misc":{"Szacowany czas czytania":"2 minuty"},"schema":{"@context":"https:\/\/schema.org","@graph":[{"@type":"WebPage","@id":"https:\/\/villachaparral.com\/het-complex\/","url":"https:\/\/villachaparral.com\/het-complex\/","name":"Willa Chaparral - Willa Chaparral","isPartOf":{"@id":"https:\/\/villachaparral.com\/#website"},"primaryImageOfPage":{"@id":"https:\/\/villachaparral.com\/het-complex\/#primaryimage"},"image":{"@id":"https:\/\/villachaparral.com\/het-complex\/#primaryimage"},"thumbnailUrl":"https:\/\/villachaparral.com\/wp-content\/uploads\/sites\/31\/2023\/07\/villa_chaparral.jpg","datePublished":"2022-01-27T10:58:29+00:00","dateModified":"2023-07-25T12:46:18+00:00","breadcrumb":{"@id":"https:\/\/villachaparral.com\/het-complex\/#breadcrumb"},"inLanguage":"pl-PL","potentialAction":[{"@type":"ReadAction","target":["https:\/\/villachaparral.com\/het-complex\/"]}]},{"@type":"ImageObject","inLanguage":"pl-PL","@id":"https:\/\/villachaparral.com\/het-complex\/#primaryimage","url":"https:\/\/villachaparral.com\/wp-content\/uploads\/sites\/31\/2023\/07\/villa_chaparral.jpg","contentUrl":"https:\/\/villachaparral.com\/wp-content\/uploads\/sites\/31\/2023\/07\/villa_chaparral.jpg","width":1024,"height":576},{"@type":"BreadcrumbList","@id":"https:\/\/villachaparral.com\/het-complex\/#breadcrumb","itemListElement":[{"@type":"ListItem","position":1,"name":"Home","item":"https:\/\/villachaparral.com\/"},{"@type":"ListItem","position":2,"name":"Villa Chaparral"}]},{"@type":"WebSite","@id":"https:\/\/villachaparral.com\/#website","url":"https:\/\/villachaparral.com\/","name":"Willa Chaparral","description":"","potentialAction":[{"@type":"SearchAction","target":{"@type":"EntryPoint","urlTemplate":"https:\/\/villachaparral.com\/?s={search_term_string}"},"query-input":{"@type":"PropertyValueSpecification","valueRequired":true,"valueName":"search_term_string"}}],"inLanguage":"pl-PL"}]}},"_links":{"self":[{"href":"https:\/\/villachaparral.com\/pl\/wp-json\/wp\/v2\/pages\/95","targetHints":{"allow":["GET"]}}],"collection":[{"href":"https:\/\/villachaparral.com\/pl\/wp-json\/wp\/v2\/pages"}],"about":[{"href":"https:\/\/villachaparral.com\/pl\/wp-json\/wp\/v2\/types\/page"}],"author":[{"embeddable":true,"href":"https:\/\/villachaparral.com\/pl\/wp-json\/wp\/v2\/users\/1"}],"replies":[{"embeddable":true,"href":"https:\/\/villachaparral.com\/pl\/wp-json\/wp\/v2\/comments?post=95"}],"version-history":[{"count":61,"href":"https:\/\/villachaparral.com\/pl\/wp-json\/wp\/v2\/pages\/95\/revisions"}],"predecessor-version":[{"id":4443,"href":"https:\/\/villachaparral.com\/pl\/wp-json\/wp\/v2\/pages\/95\/revisions\/4443"}],"wp:featuredmedia":[{"embeddable":true,"href":"https:\/\/villachaparral.com\/pl\/wp-json\/wp\/v2\/media\/4418"}],"wp:attachment":[{"href":"https:\/\/villachaparral.com\/pl\/wp-json\/wp\/v2\/media?parent=95"}],"curies":[{"name":"wp","href":"https:\/\/api.w.org\/{rel}","templated":true}]}}